{"id":8252,"date":"2024-04-19T15:22:41","date_gmt":"2024-04-19T15:22:41","guid":{"rendered":"https:\/\/innvisuals.com\/?page_id=8252"},"modified":"2024-05-07T18:20:01","modified_gmt":"2024-05-07T18:20:01","slug":"imprimerie","status":"publish","type":"page","link":"https:\/\/innvisuals.com\/?page_id=8252","title":{"rendered":"InnVisuals &#8211; Imprimerie"},"content":{"rendered":"\t\t<div data-elementor-type=\"wp-page\" data-elementor-id=\"8252\" class=\"elementor elementor-8252\">\n\t\t\t\t\t\t<section class=\"elementor-section elementor-top-section elementor-element elementor-element-d935ab4 elementor-section-full_width qodef-elementor-content-grid elementor-section-stretched elementor-section-height-default elementor-section-height-default elementor-invisible\" data-id=\"d935ab4\" data-element_type=\"section\" data-settings=\"{&quot;stretch_section&quot;:&quot;section-stretched&quot;,&quot;background_background&quot;:&quot;classic&quot;,&quot;animation&quot;:&quot;zoomIn&quot;}\">\n\t\t\t\t\t\t\t<div class=\"elementor-background-overlay\"><\/div>\n\t\t\t\t\t\t\t<div class=\"elementor-container elementor-column-gap-wider\">\n\t\t\t\t\t<div class=\"elementor-column elementor-col-100 elementor-top-column elementor-element elementor-element-c1537a3\" data-id=\"c1537a3\" data-element_type=\"column\">\n\t\t\t<div class=\"elementor-widget-wrap elementor-element-populated\">\n\t\t\t\t\t\t<div class=\"elementor-element elementor-element-9b0fde8 elementor-widget elementor-widget-helvig_core_section_title\" data-id=\"9b0fde8\" data-element_type=\"widget\" data-widget_type=\"helvig_core_section_title.default\">\n\t\t\t\t<div class=\"elementor-widget-container\">\n\t\t\t<div class=\"qodef-shortcode qodef-m  qodef-section-title qodef-alignment--left \">\n\t\t\t<h4 class=\"qodef-m-title\" >\n\t\t\t\t\tIMPRIMERIE\t\t\t<\/h4>\n\t<\/div>\n\t\t<\/div>\n\t\t\t\t<\/div>\n\t\t\t\t<div class=\"elementor-element elementor-element-78d89b2 elementor-widget elementor-widget-helvig_core_custom_font\" data-id=\"78d89b2\" data-element_type=\"widget\" data-widget_type=\"helvig_core_custom_font.default\">\n\t\t\t\t<div class=\"elementor-widget-container\">\n\t\t\t<div class=\"qodef-shortcode qodef-m  qodef-custom-font qodef-layout--simple qodef--has-appear\" >\n\t\t<h1 class=\"qodef-m-title qodef-m-title-748\" style=\"-webkit-text-stroke:1px#FFFFFF;-webkit-text-fill-color: transparent;font-size: 60px;letter-spacing: 0.027em\">\n\t\t\t\t\t<span class='qodef-m-title-holder'>\n\t\t\t\tPACKAGING\t\t\t\t<span class='qodef-m-title-solid'>\n\t\t\t\t\tPACKAGING\t\t\t\t<\/span>\n\t\t\t<\/span>\n\t\t\t<\/h1>\n<\/div>\n\t\t<\/div>\n\t\t\t\t<\/div>\n\t\t\t\t\t<\/div>\n\t\t<\/div>\n\t\t\t\t\t<\/div>\n\t\t<\/section>\n\t\t\t\t<section class=\"elementor-section elementor-top-section elementor-element elementor-element-f70c02c elementor-section-full_width qodef-elementor-content-grid elementor-section-height-default elementor-section-height-default elementor-invisible\" data-id=\"f70c02c\" data-element_type=\"section\" data-settings=\"{&quot;background_background&quot;:&quot;classic&quot;,&quot;animation&quot;:&quot;zoomInDown&quot;}\">\n\t\t\t\t\t\t<div class=\"elementor-container elementor-column-gap-default\">\n\t\t\t\t\t<div class=\"elementor-column elementor-col-50 elementor-top-column elementor-element elementor-element-05d1dc9\" data-id=\"05d1dc9\" data-element_type=\"column\">\n\t\t\t<div class=\"elementor-widget-wrap elementor-element-populated\">\n\t\t\t\t\t\t<div class=\"elementor-element elementor-element-17be7f7 elementor-widget__width-initial elementor-widget-mobile__width-initial elementor-widget elementor-widget-video\" data-id=\"17be7f7\" data-element_type=\"widget\" data-settings=\"{&quot;youtube_url&quot;:&quot;https:\\\/\\\/www.youtube.com\\\/watch?v=F_25xbte1JA&quot;,&quot;autoplay&quot;:&quot;yes&quot;,&quot;loop&quot;:&quot;yes&quot;,&quot;video_type&quot;:&quot;youtube&quot;,&quot;controls&quot;:&quot;yes&quot;}\" data-widget_type=\"video.default\">\n\t\t\t\t<div class=\"elementor-widget-container\">\n\t\t\t<style>\/*! elementor - v3.21.0 - 25-04-2024 *\/\n.elementor-widget-video .elementor-widget-container{overflow:hidden;transform:translateZ(0)}.elementor-widget-video .elementor-wrapper{aspect-ratio:var(--video-aspect-ratio)}.elementor-widget-video .elementor-wrapper iframe,.elementor-widget-video .elementor-wrapper video{height:100%;width:100%;display:flex;border:none;background-color:#000}@supports not (aspect-ratio:1\/1){.elementor-widget-video .elementor-wrapper{position:relative;overflow:hidden;height:0;padding-bottom:calc(100% \/ var(--video-aspect-ratio))}.elementor-widget-video .elementor-wrapper iframe,.elementor-widget-video .elementor-wrapper video{position:absolute;top:0;right:0;bottom:0;left:0}}.elementor-widget-video .elementor-open-inline .elementor-custom-embed-image-overlay{position:absolute;top:0;right:0;bottom:0;left:0;background-size:cover;background-position:50%}.elementor-widget-video .elementor-custom-embed-image-overlay{cursor:pointer;text-align:center}.elementor-widget-video .elementor-custom-embed-image-overlay:hover .elementor-custom-embed-play i{opacity:1}.elementor-widget-video .elementor-custom-embed-image-overlay img{display:block;width:100%;aspect-ratio:var(--video-aspect-ratio);-o-object-fit:cover;object-fit:cover;-o-object-position:center center;object-position:center center}@supports not (aspect-ratio:1\/1){.elementor-widget-video .elementor-custom-embed-image-overlay{position:relative;overflow:hidden;height:0;padding-bottom:calc(100% \/ var(--video-aspect-ratio))}.elementor-widget-video .elementor-custom-embed-image-overlay img{position:absolute;top:0;right:0;bottom:0;left:0}}.elementor-widget-video .e-hosted-video .elementor-video{-o-object-fit:cover;object-fit:cover}.e-con-inner>.elementor-widget-video,.e-con>.elementor-widget-video{width:var(--container-widget-width);--flex-grow:var(--container-widget-flex-grow)}<\/style>\t\t<div class=\"elementor-wrapper elementor-open-inline\">\n\t\t\t<div class=\"elementor-video\"><\/div>\t\t<\/div>\n\t\t\t\t<\/div>\n\t\t\t\t<\/div>\n\t\t\t\t\t<\/div>\n\t\t<\/div>\n\t\t\t\t<div class=\"elementor-column elementor-col-50 elementor-top-column elementor-element elementor-element-b7d9b4e\" data-id=\"b7d9b4e\" data-element_type=\"column\">\n\t\t\t<div class=\"elementor-widget-wrap elementor-element-populated\">\n\t\t\t\t\t\t<div class=\"elementor-element elementor-element-128707f elementor-widget__width-initial elementor-widget-mobile__width-initial elementor-widget elementor-widget-helvig_core_section_title\" data-id=\"128707f\" data-element_type=\"widget\" data-widget_type=\"helvig_core_section_title.default\">\n\t\t\t\t<div class=\"elementor-widget-container\">\n\t\t\t<div class=\"qodef-shortcode qodef-m  qodef-section-title qodef-alignment--left \">\n\t\t\t<h4 class=\"qodef-m-title\" >\n\t\t\t\t\tSourcing\t\t\t<\/h4>\n\t\t<p class=\"qodef-m-text\" style=\"margin-top: 25px\">Avec une exp\u00e9rience de plus de 20 ans dans le domaine de la mode et des cosm\u00e9tiques, nous sommes capables de sourcer n&#039;importe quel packaging en particulier les nouvelles tendances.\n\nAussi bien en \u00e9tuis, en boites ou en emballage sp\u00e9cialis\u00e9 tel que le tube imprim\u00e9, nous collaborons avec des fournisseurs certifi\u00e9s, qui respectent la charte internationale de l&#039;\u00e9cologie. Nous ciblons chacun en fonction de leurs points forts afin de servir au mieux nos clients. Les fournisseurs sont majoritairement situ\u00e9s en Chine, en Italie ou en Espagne. <\/p>\n<\/div>\n\t\t<\/div>\n\t\t\t\t<\/div>\n\t\t\t\t<div class=\"elementor-element elementor-element-4b77836 elementor-widget__width-initial elementor-widget-mobile__width-initial elementor-widget elementor-widget-helvig_core_section_title\" data-id=\"4b77836\" data-element_type=\"widget\" data-widget_type=\"helvig_core_section_title.default\">\n\t\t\t\t<div class=\"elementor-widget-container\">\n\t\t\t<div class=\"qodef-shortcode qodef-m  qodef-section-title qodef-alignment--left \">\n\t\t\t<h4 class=\"qodef-m-title\" >\n\t\t\t\t\tDomaines\t\t\t<\/h4>\n\t\t<p class=\"qodef-m-text\" style=\"margin-top: 25px\">Les domaines peuvent s&#039;\u00e9tendre \u00e0 l&#039;alimentaire, \u00e0 la publicit\u00e9, mais en g\u00e9n\u00e9ral, nous pouvons imprimer sur de nombreux supports, diff\u00e9rents grammages et tous types de formes.\nNotre conception de packaging est \u00e0 la fois moderne et tendance, mais aussi intemporelle et universellement attrayante, pour qu\u2019elle demeure actuelle le plus longtemps possible.<\/p>\n<\/div>\n\t\t<\/div>\n\t\t\t\t<\/div>\n\t\t\t\t\t<\/div>\n\t\t<\/div>\n\t\t\t\t\t<\/div>\n\t\t<\/section>\n\t\t\t\t<section class=\"elementor-section elementor-top-section elementor-element elementor-element-6976b04 elementor-section-full_width qodef-elementor-content-grid elementor-section-stretched elementor-section-height-default elementor-section-height-default elementor-invisible\" data-id=\"6976b04\" data-element_type=\"section\" data-settings=\"{&quot;stretch_section&quot;:&quot;section-stretched&quot;,&quot;background_background&quot;:&quot;classic&quot;,&quot;animation&quot;:&quot;lightSpeedIn&quot;}\">\n\t\t\t\t\t\t\t<div class=\"elementor-background-overlay\"><\/div>\n\t\t\t\t\t\t\t<div class=\"elementor-container elementor-column-gap-wider\">\n\t\t\t\t\t<div class=\"elementor-column elementor-col-100 elementor-top-column elementor-element elementor-element-786cd53\" data-id=\"786cd53\" data-element_type=\"column\">\n\t\t\t<div class=\"elementor-widget-wrap elementor-element-populated\">\n\t\t\t\t\t\t<div class=\"elementor-element elementor-element-d6fd97e elementor-widget elementor-widget-helvig_core_custom_font\" data-id=\"d6fd97e\" data-element_type=\"widget\" data-widget_type=\"helvig_core_custom_font.default\">\n\t\t\t\t<div class=\"elementor-widget-container\">\n\t\t\t<div class=\"qodef-shortcode qodef-m  qodef-custom-font qodef-layout--simple qodef--has-appear\" >\n\t\t<h1 class=\"qodef-m-title qodef-m-title-453\" style=\"-webkit-text-stroke:1px#FFFFFF;-webkit-text-fill-color: transparent;font-size: 60px;letter-spacing: 0.027em\">\n\t\t\t\t\t<span class='qodef-m-title-holder'>\n\t\t\t\tFlexographie\t\t\t\t<span class='qodef-m-title-solid'>\n\t\t\t\t\tFlexographie\t\t\t\t<\/span>\n\t\t\t<\/span>\n\t\t\t<\/h1>\n<\/div>\n\t\t<\/div>\n\t\t\t\t<\/div>\n\t\t\t\t\t<\/div>\n\t\t<\/div>\n\t\t\t\t\t<\/div>\n\t\t<\/section>\n\t\t\t\t<section class=\"elementor-section elementor-top-section elementor-element elementor-element-c59a5c5 elementor-section-full_width qodef-elementor-content-grid elementor-section-height-default elementor-section-height-default elementor-invisible\" data-id=\"c59a5c5\" data-element_type=\"section\" data-settings=\"{&quot;background_background&quot;:&quot;classic&quot;,&quot;animation&quot;:&quot;rubberBand&quot;}\">\n\t\t\t\t\t\t<div class=\"elementor-container elementor-column-gap-default\">\n\t\t\t\t\t<div class=\"elementor-column elementor-col-50 elementor-top-column elementor-element elementor-element-2168f21\" data-id=\"2168f21\" data-element_type=\"column\">\n\t\t\t<div class=\"elementor-widget-wrap elementor-element-populated\">\n\t\t\t\t\t\t<div class=\"elementor-element elementor-element-036dccd elementor-widget__width-initial elementor-widget-mobile__width-initial elementor-widget elementor-widget-image\" data-id=\"036dccd\" data-element_type=\"widget\" data-widget_type=\"image.default\">\n\t\t\t\t<div class=\"elementor-widget-container\">\n\t\t\t<style>\/*! elementor - v3.21.0 - 25-04-2024 *\/\n.elementor-widget-image{text-align:center}.elementor-widget-image a{display:inline-block}.elementor-widget-image a img[src$=\".svg\"]{width:48px}.elementor-widget-image img{vertical-align:middle;display:inline-block}<\/style>\t\t\t\t\t\t\t\t\t\t<img fetchpriority=\"high\" decoding=\"async\" width=\"1024\" height=\"745\" src=\"https:\/\/innvisuals.com\/wp-content\/uploads\/2024\/04\/flexography-1024x745.jpg\" class=\"attachment-large size-large wp-image-8429\" alt=\"\" srcset=\"https:\/\/innvisuals.com\/wp-content\/uploads\/2024\/04\/flexography-1024x745.jpg 1024w, https:\/\/innvisuals.com\/wp-content\/uploads\/2024\/04\/flexography-300x218.jpg 300w, https:\/\/innvisuals.com\/wp-content\/uploads\/2024\/04\/flexography-768x559.jpg 768w, https:\/\/innvisuals.com\/wp-content\/uploads\/2024\/04\/flexography-600x436.jpg 600w, https:\/\/innvisuals.com\/wp-content\/uploads\/2024\/04\/flexography.jpg 1100w\" sizes=\"(max-width: 1024px) 100vw, 1024px\" \/>\t\t\t\t\t\t\t\t\t\t\t\t\t<\/div>\n\t\t\t\t<\/div>\n\t\t\t\t\t<\/div>\n\t\t<\/div>\n\t\t\t\t<div class=\"elementor-column elementor-col-50 elementor-top-column elementor-element elementor-element-9f167ea\" data-id=\"9f167ea\" data-element_type=\"column\">\n\t\t\t<div class=\"elementor-widget-wrap elementor-element-populated\">\n\t\t\t\t\t\t<div class=\"elementor-element elementor-element-eb64261 elementor-widget__width-initial elementor-widget-mobile__width-initial elementor-widget elementor-widget-helvig_core_section_title\" data-id=\"eb64261\" data-element_type=\"widget\" data-widget_type=\"helvig_core_section_title.default\">\n\t\t\t\t<div class=\"elementor-widget-container\">\n\t\t\t<div class=\"qodef-shortcode qodef-m  qodef-section-title qodef-alignment--left \">\n\t\t\t<h4 class=\"qodef-m-title\" >\n\t\t\t\t\tLa flexo-num\u00e9rique\t\t\t<\/h4>\n\t\t<p class=\"qodef-m-text\" style=\"margin-top: 25px\">La flexographie est le proc\u00e9d\u00e9 d\u2019impression le plus commun au monde pour l\u2019impression d\u2019\u00e9tiquettes autocollantes. Une grande vari\u00e9t\u00e9 de produits sont imprim\u00e9s en flexographie, que ce soit des \u00e9tiquettes autocollantes imprim\u00e9es recto verso, des coupons \u00e0 multiples niveaux, des coupons magiques, des banni\u00e8res promotionnelles ou encore des \u00e9tiquettes pharmaceutiques. Mais d\u00e8s qu&#039;il s&#039;agit d&#039;imprimer des \u00e9tiquettes \u00e9labor\u00e9es, en \u00e9tant contraint de fabriquer des clich\u00e9s pour des d\u00e9tails de dorure ou d&#039;effet 3D, nous sommes oblig\u00e9s de demander un minimum trop important de quantit\u00e9s afin de proposer un prix comp\u00e9titif. C&#039;est l\u00e0 que la flexo-num\u00e9rique intervient. Il s&#039;agit d&#039;une petite r\u00e9volution depuis quelques ann\u00e9es d\u00e9j\u00e0. Nous pouvons imprimer tout d\u00e9tail de relief ou de texture sans imposer un certain volume. Cela rassure nos clients et c&#039;est ce qui nous rend tr\u00e8s flexibles.<\/p>\n<\/div>\n\t\t<\/div>\n\t\t\t\t<\/div>\n\t\t\t\t\t<\/div>\n\t\t<\/div>\n\t\t\t\t\t<\/div>\n\t\t<\/section>\n\t\t\t\t<section class=\"elementor-section elementor-top-section elementor-element elementor-element-10520dd elementor-section-full_width qodef-elementor-content-grid elementor-section-stretched elementor-section-height-default elementor-section-height-default elementor-invisible\" data-id=\"10520dd\" data-element_type=\"section\" data-settings=\"{&quot;stretch_section&quot;:&quot;section-stretched&quot;,&quot;background_background&quot;:&quot;classic&quot;,&quot;animation&quot;:&quot;zoomIn&quot;}\">\n\t\t\t\t\t\t\t<div class=\"elementor-background-overlay\"><\/div>\n\t\t\t\t\t\t\t<div class=\"elementor-container elementor-column-gap-wider\">\n\t\t\t\t\t<div class=\"elementor-column elementor-col-100 elementor-top-column elementor-element elementor-element-d9ff429\" data-id=\"d9ff429\" data-element_type=\"column\">\n\t\t\t<div class=\"elementor-widget-wrap elementor-element-populated\">\n\t\t\t\t\t\t<div class=\"elementor-element elementor-element-6c2ea14 elementor-widget elementor-widget-helvig_core_custom_font\" data-id=\"6c2ea14\" data-element_type=\"widget\" data-widget_type=\"helvig_core_custom_font.default\">\n\t\t\t\t<div class=\"elementor-widget-container\">\n\t\t\t<div class=\"qodef-shortcode qodef-m  qodef-custom-font qodef-layout--simple qodef--has-appear\" >\n\t\t<h1 class=\"qodef-m-title qodef-m-title-783\" style=\"-webkit-text-stroke:1px#FFFFFF;-webkit-text-fill-color: transparent;font-size: 60px;letter-spacing: 0.027em\">\n\t\t\t\t\t<span class='qodef-m-title-holder'>\n\t\t\t\tOFFSET\t\t\t\t<span class='qodef-m-title-solid'>\n\t\t\t\t\tOFFSET\t\t\t\t<\/span>\n\t\t\t<\/span>\n\t\t\t<\/h1>\n<\/div>\n\t\t<\/div>\n\t\t\t\t<\/div>\n\t\t\t\t\t<\/div>\n\t\t<\/div>\n\t\t\t\t\t<\/div>\n\t\t<\/section>\n\t\t\t\t<section class=\"elementor-section elementor-top-section elementor-element elementor-element-933c9da elementor-section-full_width qodef-elementor-content-grid elementor-section-height-default elementor-section-height-default elementor-invisible\" data-id=\"933c9da\" data-element_type=\"section\" data-settings=\"{&quot;background_background&quot;:&quot;classic&quot;,&quot;animation&quot;:&quot;zoomInDown&quot;}\">\n\t\t\t\t\t\t<div class=\"elementor-container elementor-column-gap-default\">\n\t\t\t\t\t<div class=\"elementor-column elementor-col-50 elementor-top-column elementor-element elementor-element-b3013d9\" data-id=\"b3013d9\" data-element_type=\"column\">\n\t\t\t<div class=\"elementor-widget-wrap elementor-element-populated\">\n\t\t\t\t\t\t<div class=\"elementor-element elementor-element-5cb55a9 elementor-widget__width-initial elementor-widget-mobile__width-initial elementor-widget elementor-widget-image\" data-id=\"5cb55a9\" data-element_type=\"widget\" data-widget_type=\"image.default\">\n\t\t\t\t<div class=\"elementor-widget-container\">\n\t\t\t\t\t\t\t\t\t\t\t\t\t<img decoding=\"async\" width=\"1024\" height=\"745\" src=\"https:\/\/innvisuals.com\/wp-content\/uploads\/2024\/04\/print-1024x745.jpg\" class=\"attachment-large size-large wp-image-8434\" alt=\"\" srcset=\"https:\/\/innvisuals.com\/wp-content\/uploads\/2024\/04\/print-1024x745.jpg 1024w, https:\/\/innvisuals.com\/wp-content\/uploads\/2024\/04\/print-300x218.jpg 300w, https:\/\/innvisuals.com\/wp-content\/uploads\/2024\/04\/print-768x559.jpg 768w, https:\/\/innvisuals.com\/wp-content\/uploads\/2024\/04\/print-600x436.jpg 600w, https:\/\/innvisuals.com\/wp-content\/uploads\/2024\/04\/print.jpg 1100w\" sizes=\"(max-width: 1024px) 100vw, 1024px\" \/>\t\t\t\t\t\t\t\t\t\t\t\t\t<\/div>\n\t\t\t\t<\/div>\n\t\t\t\t\t<\/div>\n\t\t<\/div>\n\t\t\t\t<div class=\"elementor-column elementor-col-50 elementor-top-column elementor-element elementor-element-99ec26f\" data-id=\"99ec26f\" data-element_type=\"column\">\n\t\t\t<div class=\"elementor-widget-wrap elementor-element-populated\">\n\t\t\t\t\t\t<div class=\"elementor-element elementor-element-d6182c5 elementor-widget__width-initial elementor-widget-mobile__width-initial elementor-widget elementor-widget-helvig_core_section_title\" data-id=\"d6182c5\" data-element_type=\"widget\" data-widget_type=\"helvig_core_section_title.default\">\n\t\t\t\t<div class=\"elementor-widget-container\">\n\t\t\t<div class=\"qodef-shortcode qodef-m  qodef-section-title qodef-alignment--left \">\n\t\t\t<h4 class=\"qodef-m-title\" >\n\t\t\t\t\tImpression \u00e0 fort tirage\t\t\t<\/h4>\n\t\t<p class=\"qodef-m-text\" style=\"margin-top: 25px\">L\u2019impression offset est un proc\u00e9d\u00e9 d\u2019impression qui offre de nombreux avantages. En effet, cette technique d\u2019impression permet de r\u00e9duire ses co\u00fbts pour toutes impressions \u00e0 fort tirage. Par exemple, pour l\u2019impression de journaux, l\u2019offset est la technique d\u2019impression la plus adapt\u00e9e. De plus, l\u2019impression offset permet d\u2019avoir une impression en haute qualit\u00e9 gr\u00e2ce \u00e0 la pr\u00e9cision de ces trois cylindres. Les impressions sont r\u00e9alis\u00e9es sur des feuilles grand format. Ainsi, il est possible d\u2019imprimer de nombreux visuel sur une m\u00eame planche. C\u2019est donc un r\u00e9el atout afin de r\u00e9duire les co\u00fbts d\u2019impression. Cette technique est d\u00e9di\u00e9e aux commer\u00e7ants et aux industriels qui expriment un besoin li\u00e9 \u00e0 des volumes cons\u00e9quents. Nous imprimons : Flyers, Brochures, Catalogues, etc....<\/p>\n<\/div>\n\t\t<\/div>\n\t\t\t\t<\/div>\n\t\t\t\t\t<\/div>\n\t\t<\/div>\n\t\t\t\t\t<\/div>\n\t\t<\/section>\n\t\t<div class=\"elementor-element elementor-element-954ae5a e-flex e-con-boxed e-con e-parent\" data-id=\"954ae5a\" data-element_type=\"container\">\n\t\t\t\t\t<div class=\"e-con-inner\">\n\t\t\t\t<div class=\"elementor-element elementor-element-a597bcc elementor-widget elementor-widget-heading\" data-id=\"a597bcc\" data-element_type=\"widget\" data-widget_type=\"heading.default\">\n\t\t\t\t<div class=\"elementor-widget-container\">\n\t\t\t<style>\/*! elementor - v3.21.0 - 25-04-2024 *\/\n.elementor-heading-title{padding:0;margin:0;line-height:1}.elementor-widget-heading .elementor-heading-title[class*=elementor-size-]>a{color:inherit;font-size:inherit;line-height:inherit}.elementor-widget-heading .elementor-heading-title.elementor-size-small{font-size:15px}.elementor-widget-heading .elementor-heading-title.elementor-size-medium{font-size:19px}.elementor-widget-heading .elementor-heading-title.elementor-size-large{font-size:29px}.elementor-widget-heading .elementor-heading-title.elementor-size-xl{font-size:39px}.elementor-widget-heading .elementor-heading-title.elementor-size-xxl{font-size:59px}<\/style><h5 class=\"elementor-heading-title elementor-size-default\">innvisuals.com @ tous droits r\u00e9serv\u00e9s 2024<\/h5>\t\t<\/div>\n\t\t\t\t<\/div>\n\t\t\t\t<div class=\"elementor-element elementor-element-ff9b074 elementor-widget elementor-widget-heading\" data-id=\"ff9b074\" data-element_type=\"widget\" data-widget_type=\"heading.default\">\n\t\t\t\t<div class=\"elementor-widget-container\">\n\t\t\t<h5 class=\"elementor-heading-title elementor-size-default\">Great Ideas - 36, rue Scheffer 75016 Paris \/ +336 44 68 00 24 <\/h5>\t\t<\/div>\n\t\t\t\t<\/div>\n\t\t\t\t\t<\/div>\n\t\t\t\t<\/div>\n\t\t\t\t<\/div>\n\t\t","protected":false},"excerpt":{"rendered":"<p>IMPRIMERIE PACKAGING PACKAGING Sourcing Avec une exp\u00e9rience de plus de 20 ans dans le domaine de la mode et des cosm\u00e9tiques, nous sommes capables de sourcer n&#039;importe quel packaging en particulier les nouvelles tendances. Aussi bien en \u00e9tuis, en boites ou en emballage sp\u00e9cialis\u00e9 tel que le tube imprim\u00e9, nous collaborons avec des fournisseurs certifi\u00e9s, [&hellip;]<\/p>\n","protected":false},"author":1,"featured_media":0,"parent":0,"menu_order":0,"comment_status":"closed","ping_status":"closed","template":"page-full-width.php","meta":{"footnotes":""},"class_list":["post-8252","page","type-page","status-publish","hentry"],"_links":{"self":[{"href":"https:\/\/innvisuals.com\/index.php?rest_route=\/wp\/v2\/pages\/8252","targetHints":{"allow":["GET"]}}],"collection":[{"href":"https:\/\/innvisuals.com\/index.php?rest_route=\/wp\/v2\/pages"}],"about":[{"href":"https:\/\/innvisuals.com\/index.php?rest_route=\/wp\/v2\/types\/page"}],"author":[{"embeddable":true,"href":"https:\/\/innvisuals.com\/index.php?rest_route=\/wp\/v2\/users\/1"}],"replies":[{"embeddable":true,"href":"https:\/\/innvisuals.com\/index.php?rest_route=%2Fwp%2Fv2%2Fcomments&post=8252"}],"version-history":[{"count":48,"href":"https:\/\/innvisuals.com\/index.php?rest_route=\/wp\/v2\/pages\/8252\/revisions"}],"predecessor-version":[{"id":8558,"href":"https:\/\/innvisuals.com\/index.php?rest_route=\/wp\/v2\/pages\/8252\/revisions\/8558"}],"wp:attachment":[{"href":"https:\/\/innvisuals.com\/index.php?rest_route=%2Fwp%2Fv2%2Fmedia&parent=8252"}],"curies":[{"name":"wp","href":"https:\/\/api.w.org\/{rel}","templated":true}]}}