{"id":8250,"date":"2024-04-19T15:22:19","date_gmt":"2024-04-19T15:22:19","guid":{"rendered":"https:\/\/innvisuals.com\/?page_id=8250"},"modified":"2024-05-07T18:19:39","modified_gmt":"2024-05-07T18:19:39","slug":"infographie","status":"publish","type":"page","link":"https:\/\/innvisuals.com\/?page_id=8250","title":{"rendered":"InnVisuals &#8211; Infographie"},"content":{"rendered":"\t\t<div data-elementor-type=\"wp-page\" data-elementor-id=\"8250\" class=\"elementor elementor-8250\">\n\t\t\t\t\t\t<section class=\"elementor-section elementor-top-section elementor-element elementor-element-d935ab4 elementor-section-full_width qodef-elementor-content-grid elementor-section-stretched elementor-section-height-default elementor-section-height-default elementor-invisible\" data-id=\"d935ab4\" data-element_type=\"section\" data-settings=\"{&quot;stretch_section&quot;:&quot;section-stretched&quot;,&quot;background_background&quot;:&quot;classic&quot;,&quot;animation&quot;:&quot;zoomIn&quot;}\">\n\t\t\t\t\t\t\t<div class=\"elementor-background-overlay\"><\/div>\n\t\t\t\t\t\t\t<div class=\"elementor-container elementor-column-gap-wider\">\n\t\t\t\t\t<div class=\"elementor-column elementor-col-100 elementor-top-column elementor-element elementor-element-c1537a3\" data-id=\"c1537a3\" data-element_type=\"column\">\n\t\t\t<div class=\"elementor-widget-wrap elementor-element-populated\">\n\t\t\t\t\t\t<div class=\"elementor-element elementor-element-9b0fde8 elementor-widget elementor-widget-helvig_core_section_title\" data-id=\"9b0fde8\" data-element_type=\"widget\" data-widget_type=\"helvig_core_section_title.default\">\n\t\t\t\t<div class=\"elementor-widget-container\">\n\t\t\t<div class=\"qodef-shortcode qodef-m  qodef-section-title qodef-alignment--left \">\n\t\t\t<h4 class=\"qodef-m-title\" >\n\t\t\t\t\tcr\u00e9ation graphique\t\t\t<\/h4>\n\t<\/div>\n\t\t<\/div>\n\t\t\t\t<\/div>\n\t\t\t\t<div class=\"elementor-element elementor-element-78d89b2 elementor-widget elementor-widget-helvig_core_custom_font\" data-id=\"78d89b2\" data-element_type=\"widget\" data-widget_type=\"helvig_core_custom_font.default\">\n\t\t\t\t<div class=\"elementor-widget-container\">\n\t\t\t<div class=\"qodef-shortcode qodef-m  qodef-custom-font qodef-layout--simple qodef--has-appear\" >\n\t\t<h1 class=\"qodef-m-title qodef-m-title-577\" style=\"-webkit-text-stroke:1px#FFFFFF;-webkit-text-fill-color: transparent;font-size: 60px;letter-spacing: 0.027em\">\n\t\t\t\t\t<span class='qodef-m-title-holder'>\n\t\t\t\tSERVICES\t\t\t\t<span class='qodef-m-title-solid'>\n\t\t\t\t\tSERVICES\t\t\t\t<\/span>\n\t\t\t<\/span>\n\t\t\t<\/h1>\n<\/div>\n\t\t<\/div>\n\t\t\t\t<\/div>\n\t\t\t\t\t<\/div>\n\t\t<\/div>\n\t\t\t\t\t<\/div>\n\t\t<\/section>\n\t\t\t\t<section class=\"elementor-section elementor-top-section elementor-element elementor-element-09670da elementor-section-full_width qodef-elementor-content-grid elementor-section-stretched elementor-hidden-mobile elementor-section-height-default elementor-section-height-default elementor-invisible\" data-id=\"09670da\" data-element_type=\"section\" data-settings=\"{&quot;stretch_section&quot;:&quot;section-stretched&quot;,&quot;background_background&quot;:&quot;classic&quot;,&quot;animation&quot;:&quot;zoomIn&quot;}\">\n\t\t\t\t\t\t\t<div class=\"elementor-background-overlay\"><\/div>\n\t\t\t\t\t\t\t<div class=\"elementor-container elementor-column-gap-wider\">\n\t\t\t\t\t<div class=\"elementor-column elementor-col-100 elementor-top-column elementor-element elementor-element-eb3379c\" data-id=\"eb3379c\" data-element_type=\"column\">\n\t\t\t<div class=\"elementor-widget-wrap elementor-element-populated\">\n\t\t\t\t\t\t<div class=\"elementor-element elementor-element-f60f427 elementor-widget__width-initial elementor-widget elementor-widget-video\" data-id=\"f60f427\" data-element_type=\"widget\" data-settings=\"{&quot;video_type&quot;:&quot;vimeo&quot;,&quot;autoplay&quot;:&quot;yes&quot;,&quot;play_on_mobile&quot;:&quot;yes&quot;,&quot;loop&quot;:&quot;yes&quot;}\" data-widget_type=\"video.default\">\n\t\t\t\t<div class=\"elementor-widget-container\">\n\t\t\t<style>\/*! elementor - v3.21.0 - 25-04-2024 *\/\n.elementor-widget-video .elementor-widget-container{overflow:hidden;transform:translateZ(0)}.elementor-widget-video .elementor-wrapper{aspect-ratio:var(--video-aspect-ratio)}.elementor-widget-video .elementor-wrapper iframe,.elementor-widget-video .elementor-wrapper video{height:100%;width:100%;display:flex;border:none;background-color:#000}@supports not (aspect-ratio:1\/1){.elementor-widget-video .elementor-wrapper{position:relative;overflow:hidden;height:0;padding-bottom:calc(100% \/ var(--video-aspect-ratio))}.elementor-widget-video .elementor-wrapper iframe,.elementor-widget-video .elementor-wrapper video{position:absolute;top:0;right:0;bottom:0;left:0}}.elementor-widget-video .elementor-open-inline .elementor-custom-embed-image-overlay{position:absolute;top:0;right:0;bottom:0;left:0;background-size:cover;background-position:50%}.elementor-widget-video .elementor-custom-embed-image-overlay{cursor:pointer;text-align:center}.elementor-widget-video .elementor-custom-embed-image-overlay:hover .elementor-custom-embed-play i{opacity:1}.elementor-widget-video .elementor-custom-embed-image-overlay img{display:block;width:100%;aspect-ratio:var(--video-aspect-ratio);-o-object-fit:cover;object-fit:cover;-o-object-position:center center;object-position:center center}@supports not (aspect-ratio:1\/1){.elementor-widget-video .elementor-custom-embed-image-overlay{position:relative;overflow:hidden;height:0;padding-bottom:calc(100% \/ var(--video-aspect-ratio))}.elementor-widget-video .elementor-custom-embed-image-overlay img{position:absolute;top:0;right:0;bottom:0;left:0}}.elementor-widget-video .e-hosted-video .elementor-video{-o-object-fit:cover;object-fit:cover}.e-con-inner>.elementor-widget-video,.e-con>.elementor-widget-video{width:var(--container-widget-width);--flex-grow:var(--container-widget-flex-grow)}<\/style>\t\t<div class=\"elementor-wrapper elementor-open-inline\">\n\t\t\t<iframe class=\"elementor-video-iframe\" allowfullscreen allow=\"clipboard-write\" title=\"Lecteur vid\u00e9o vimeo\" src=\"https:\/\/player.vimeo.com\/video\/941343620?autoplay=1&amp;playsinline=1&amp;color&amp;autopause=0&amp;loop=1&amp;muted=0&amp;title=0&amp;portrait=0&amp;byline=0#t=\"><\/iframe>\t\t<\/div>\n\t\t\t\t<\/div>\n\t\t\t\t<\/div>\n\t\t\t\t\t<\/div>\n\t\t<\/div>\n\t\t\t\t\t<\/div>\n\t\t<\/section>\n\t\t<div class=\"elementor-element elementor-element-469da4b e-con-full elementor-hidden-desktop elementor-hidden-tablet e-flex e-con e-parent\" data-id=\"469da4b\" data-element_type=\"container\">\n\t\t\t\t<div class=\"elementor-element elementor-element-2bc15e3 elementor-widget elementor-widget-video\" data-id=\"2bc15e3\" data-element_type=\"widget\" data-settings=\"{&quot;video_type&quot;:&quot;vimeo&quot;,&quot;autoplay&quot;:&quot;yes&quot;,&quot;loop&quot;:&quot;yes&quot;}\" data-widget_type=\"video.default\">\n\t\t\t\t<div class=\"elementor-widget-container\">\n\t\t\t\t\t<div class=\"elementor-wrapper elementor-open-inline\">\n\t\t\t<iframe class=\"elementor-video-iframe\" allowfullscreen allow=\"clipboard-write\" title=\"Lecteur vid\u00e9o vimeo\" src=\"https:\/\/player.vimeo.com\/video\/941343620?autoplay=1&amp;color&amp;autopause=0&amp;loop=1&amp;muted=0&amp;title=0&amp;portrait=0&amp;byline=0#t=\"><\/iframe>\t\t<\/div>\n\t\t\t\t<\/div>\n\t\t\t\t<\/div>\n\t\t\t\t<\/div>\n\t\t\t\t<section class=\"elementor-section elementor-top-section elementor-element elementor-element-f70c02c elementor-section-full_width qodef-elementor-content-grid elementor-section-height-default elementor-section-height-default elementor-invisible\" data-id=\"f70c02c\" data-element_type=\"section\" data-settings=\"{&quot;background_background&quot;:&quot;classic&quot;,&quot;animation&quot;:&quot;zoomInDown&quot;}\">\n\t\t\t\t\t\t<div class=\"elementor-container elementor-column-gap-default\">\n\t\t\t\t\t<div class=\"elementor-column elementor-col-50 elementor-top-column elementor-element elementor-element-b7d9b4e\" data-id=\"b7d9b4e\" data-element_type=\"column\">\n\t\t\t<div class=\"elementor-widget-wrap elementor-element-populated\">\n\t\t\t\t\t\t<div class=\"elementor-element elementor-element-4b77836 elementor-widget__width-initial elementor-widget-mobile__width-initial elementor-widget elementor-widget-helvig_core_section_title\" data-id=\"4b77836\" data-element_type=\"widget\" data-widget_type=\"helvig_core_section_title.default\">\n\t\t\t\t<div class=\"elementor-widget-container\">\n\t\t\t<div class=\"qodef-shortcode qodef-m  qodef-section-title qodef-alignment--left \">\n\t\t\t<h4 class=\"qodef-m-title\" >\n\t\t\t\t\tINFOGRAPHIE\t\t\t<\/h4>\n\t\t<p class=\"qodef-m-text\" style=\"margin-top: 25px\">Innvisuals est toujours \u00e0 l\u2019aff\u00fbt des derni\u00e8res tendances et vous offre un \u00e9ventail d\u2019outils de communication et de vente qui vous aideront \u00e0 promouvoir vos services en cr\u00e9ant toutes les maquettes: brochure, feuillet de vente, magazine, papeterie, pochette de presse, catalogue, rapport annuel, emballage, publicit\u00e9.<\/p>\n<\/div>\n\t\t<\/div>\n\t\t\t\t<\/div>\n\t\t\t\t\t<\/div>\n\t\t<\/div>\n\t\t\t\t<div class=\"elementor-column elementor-col-50 elementor-top-column elementor-element elementor-element-05d1dc9\" data-id=\"05d1dc9\" data-element_type=\"column\">\n\t\t\t<div class=\"elementor-widget-wrap elementor-element-populated\">\n\t\t\t\t\t\t<div class=\"elementor-element elementor-element-f0e8ff4 elementor-widget__width-initial elementor-widget-mobile__width-initial elementor-widget elementor-widget-helvig_core_section_title\" data-id=\"f0e8ff4\" data-element_type=\"widget\" data-widget_type=\"helvig_core_section_title.default\">\n\t\t\t\t<div class=\"elementor-widget-container\">\n\t\t\t<div class=\"qodef-shortcode qodef-m  qodef-section-title qodef-alignment--left \">\n\t\t\t<h4 class=\"qodef-m-title\" >\n\t\t\t\t\tANIMATION\t\t\t<\/h4>\n\t\t<p class=\"qodef-m-text\" style=\"margin-top: 25px\">En tant qu\u2019experts en solutions graphiques, Innvisuals poss\u00e8de aussi les capacit\u00e9s de donner vie \u00e0 votre identit\u00e9 visuelle par la production et l\u2019animation audiovisuelle et interactive de vos contenus.<\/p>\n<\/div>\n\t\t<\/div>\n\t\t\t\t<\/div>\n\t\t\t\t\t<\/div>\n\t\t<\/div>\n\t\t\t\t\t<\/div>\n\t\t<\/section>\n\t\t\t\t<section class=\"elementor-section elementor-top-section elementor-element elementor-element-6976b04 elementor-section-full_width qodef-elementor-content-grid elementor-section-stretched elementor-section-height-default elementor-section-height-default elementor-invisible\" data-id=\"6976b04\" data-element_type=\"section\" data-settings=\"{&quot;stretch_section&quot;:&quot;section-stretched&quot;,&quot;background_background&quot;:&quot;classic&quot;,&quot;animation&quot;:&quot;lightSpeedIn&quot;}\">\n\t\t\t\t\t\t\t<div class=\"elementor-background-overlay\"><\/div>\n\t\t\t\t\t\t\t<div class=\"elementor-container elementor-column-gap-wider\">\n\t\t\t\t\t<div class=\"elementor-column elementor-col-100 elementor-top-column elementor-element elementor-element-786cd53\" data-id=\"786cd53\" data-element_type=\"column\">\n\t\t\t<div class=\"elementor-widget-wrap elementor-element-populated\">\n\t\t\t\t\t\t<div class=\"elementor-element elementor-element-d6fd97e elementor-widget elementor-widget-helvig_core_custom_font\" data-id=\"d6fd97e\" data-element_type=\"widget\" data-widget_type=\"helvig_core_custom_font.default\">\n\t\t\t\t<div class=\"elementor-widget-container\">\n\t\t\t<div class=\"qodef-shortcode qodef-m  qodef-custom-font qodef-layout--simple qodef--has-appear\" >\n\t\t<h1 class=\"qodef-m-title qodef-m-title-412\" style=\"-webkit-text-stroke:1px#FFFFFF;-webkit-text-fill-color: transparent;font-size: 60px;letter-spacing: 0.027em\">\n\t\t\t\t\t<span class='qodef-m-title-holder'>\n\t\t\t\tMARQUE\t\t\t\t<span class='qodef-m-title-solid'>\n\t\t\t\t\tMARQUE\t\t\t\t<\/span>\n\t\t\t<\/span>\n\t\t\t<\/h1>\n<\/div>\n\t\t<\/div>\n\t\t\t\t<\/div>\n\t\t\t\t<div class=\"elementor-element elementor-element-ef8fbc9 e-transform elementor-widget elementor-widget-helvig_core_single_image\" data-id=\"ef8fbc9\" data-element_type=\"widget\" data-settings=\"{&quot;_transform_scale_effect_mobile&quot;:{&quot;unit&quot;:&quot;px&quot;,&quot;size&quot;:1.5,&quot;sizes&quot;:[]},&quot;_transform_scale_effect&quot;:{&quot;unit&quot;:&quot;px&quot;,&quot;size&quot;:&quot;&quot;,&quot;sizes&quot;:[]},&quot;_transform_scale_effect_tablet&quot;:{&quot;unit&quot;:&quot;px&quot;,&quot;size&quot;:&quot;&quot;,&quot;sizes&quot;:[]}}\" data-widget_type=\"helvig_core_single_image.default\">\n\t\t\t\t<div class=\"elementor-widget-container\">\n\t\t\t<div class=\"qodef-shortcode qodef-m  qodef-single-image qodef-layout--default     \">\n\t\t<div class=\"qodef-m-image\">\n\t\t\t\t\t<img fetchpriority=\"high\" decoding=\"async\" width=\"1100\" height=\"650\" src=\"https:\/\/innvisuals.com\/wp-content\/uploads\/2024\/04\/brand-1100x650.jpg\" class=\"attachment-helvig_core_image_size_landscape size-helvig_core_image_size_landscape\" alt=\"\" \/>\t\t\t<\/div>\n\t\t<\/div>\n\t\t<\/div>\n\t\t\t\t<\/div>\n\t\t\t\t\t<\/div>\n\t\t<\/div>\n\t\t\t\t\t<\/div>\n\t\t<\/section>\n\t\t\t\t<section class=\"elementor-section elementor-top-section elementor-element elementor-element-e0cbe91 elementor-section-full_width qodef-elementor-content-grid elementor-section-height-default elementor-section-height-default elementor-invisible\" data-id=\"e0cbe91\" data-element_type=\"section\" data-settings=\"{&quot;background_background&quot;:&quot;classic&quot;,&quot;animation&quot;:&quot;rubberBand&quot;}\">\n\t\t\t\t\t\t<div class=\"elementor-container elementor-column-gap-default\">\n\t\t\t\t\t<div class=\"elementor-column elementor-col-50 elementor-top-column elementor-element elementor-element-a00b59b\" data-id=\"a00b59b\" data-element_type=\"column\">\n\t\t\t<div class=\"elementor-widget-wrap elementor-element-populated\">\n\t\t\t\t\t\t<div class=\"elementor-element elementor-element-ed67662 elementor-widget__width-initial elementor-widget-mobile__width-initial elementor-widget elementor-widget-helvig_core_section_title\" data-id=\"ed67662\" data-element_type=\"widget\" data-widget_type=\"helvig_core_section_title.default\">\n\t\t\t\t<div class=\"elementor-widget-container\">\n\t\t\t<div class=\"qodef-shortcode qodef-m  qodef-section-title qodef-alignment--left \">\n\t\t\t<h4 class=\"qodef-m-title\" >\n\t\t\t\t\tIDENTITE\t\t\t<\/h4>\n\t\t<p class=\"qodef-m-text\" style=\"margin-top: 25px\">Votre identit\u00e9 soutient chacune de vos actions marketing futures, d\u2019o\u00f9 l\u2019importance de prendre une position forte et sans \u00e9quivoque. Ne laissez pas le march\u00e9 dicter qui vous \u00eates. Ensemble, nous \u00e9laborerons le plus beau portrait : le v\u00f4tre!<\/p>\n<\/div>\n\t\t<\/div>\n\t\t\t\t<\/div>\n\t\t\t\t\t<\/div>\n\t\t<\/div>\n\t\t\t\t<div class=\"elementor-column elementor-col-50 elementor-top-column elementor-element elementor-element-95f30da\" data-id=\"95f30da\" data-element_type=\"column\">\n\t\t\t<div class=\"elementor-widget-wrap elementor-element-populated\">\n\t\t\t\t\t\t<div class=\"elementor-element elementor-element-056c5f6 elementor-widget__width-initial elementor-widget-mobile__width-initial elementor-widget elementor-widget-helvig_core_section_title\" data-id=\"056c5f6\" data-element_type=\"widget\" data-widget_type=\"helvig_core_section_title.default\">\n\t\t\t\t<div class=\"elementor-widget-container\">\n\t\t\t<div class=\"qodef-shortcode qodef-m  qodef-section-title qodef-alignment--left \">\n\t\t\t<h4 class=\"qodef-m-title\" >\n\t\t\t\t\tIMAGE DE MARQUE\t\t\t<\/h4>\n\t\t<p class=\"qodef-m-text\" style=\"margin-top: 25px\">Notre travail consiste d\u2019abord \u00e0 nous approprier les enjeux de marketing et de communication propres \u00e0 chacun de nos clients. Il s\u2019agit d\u2019une \u00e9tape essentielle dans la cr\u00e9ation et la promotion d\u2019une image de marque qui se voudra originale et singuli\u00e8re. Celle-ci est \u00e9galement \u00e0 la base du d\u00e9ploiement de toute strat\u00e9gie commerciale performante et porteuse d\u2019avenir.<\/p>\n<\/div>\n\t\t<\/div>\n\t\t\t\t<\/div>\n\t\t\t\t\t<\/div>\n\t\t<\/div>\n\t\t\t\t\t<\/div>\n\t\t<\/section>\n\t\t<div class=\"elementor-element elementor-element-067b0a6 e-flex e-con-boxed e-con e-parent\" data-id=\"067b0a6\" data-element_type=\"container\">\n\t\t\t\t\t<div class=\"e-con-inner\">\n\t\t\t\t<div class=\"elementor-element elementor-element-f282e94 elementor-widget elementor-widget-heading\" data-id=\"f282e94\" data-element_type=\"widget\" data-widget_type=\"heading.default\">\n\t\t\t\t<div class=\"elementor-widget-container\">\n\t\t\t<style>\/*! elementor - v3.21.0 - 25-04-2024 *\/\n.elementor-heading-title{padding:0;margin:0;line-height:1}.elementor-widget-heading .elementor-heading-title[class*=elementor-size-]>a{color:inherit;font-size:inherit;line-height:inherit}.elementor-widget-heading .elementor-heading-title.elementor-size-small{font-size:15px}.elementor-widget-heading .elementor-heading-title.elementor-size-medium{font-size:19px}.elementor-widget-heading .elementor-heading-title.elementor-size-large{font-size:29px}.elementor-widget-heading .elementor-heading-title.elementor-size-xl{font-size:39px}.elementor-widget-heading .elementor-heading-title.elementor-size-xxl{font-size:59px}<\/style><h5 class=\"elementor-heading-title elementor-size-default\">innvisuals.com @ tous droits r\u00e9serv\u00e9s 2024<\/h5>\t\t<\/div>\n\t\t\t\t<\/div>\n\t\t\t\t<div class=\"elementor-element elementor-element-d85e340 elementor-widget elementor-widget-heading\" data-id=\"d85e340\" data-element_type=\"widget\" data-widget_type=\"heading.default\">\n\t\t\t\t<div class=\"elementor-widget-container\">\n\t\t\t<h5 class=\"elementor-heading-title elementor-size-default\">Great Ideas - 36, rue Scheffer 75016 Paris \/ +336 44 68 00 24 <\/h5>\t\t<\/div>\n\t\t\t\t<\/div>\n\t\t\t\t\t<\/div>\n\t\t\t\t<\/div>\n\t\t\t\t<\/div>\n\t\t","protected":false},"excerpt":{"rendered":"<p>cr\u00e9ation graphique SERVICES SERVICES https:\/\/vimeo.com\/941343620https:\/\/vimeo.com\/941343620 INFOGRAPHIE Innvisuals est toujours \u00e0 l\u2019aff\u00fbt des derni\u00e8res tendances et vous offre un \u00e9ventail d\u2019outils de communication et de vente qui vous aideront \u00e0 promouvoir vos services en cr\u00e9ant toutes les maquettes: brochure, feuillet de vente, magazine, papeterie, pochette de presse, catalogue, rapport annuel, emballage, publicit\u00e9. ANIMATION En tant qu\u2019experts [&hellip;]<\/p>\n","protected":false},"author":1,"featured_media":0,"parent":0,"menu_order":0,"comment_status":"closed","ping_status":"closed","template":"page-full-width.php","meta":{"footnotes":""},"class_list":["post-8250","page","type-page","status-publish","hentry"],"_links":{"self":[{"href":"https:\/\/innvisuals.com\/index.php?rest_route=\/wp\/v2\/pages\/8250","targetHints":{"allow":["GET"]}}],"collection":[{"href":"https:\/\/innvisuals.com\/index.php?rest_route=\/wp\/v2\/pages"}],"about":[{"href":"https:\/\/innvisuals.com\/index.php?rest_route=\/wp\/v2\/types\/page"}],"author":[{"embeddable":true,"href":"https:\/\/innvisuals.com\/index.php?rest_route=\/wp\/v2\/users\/1"}],"replies":[{"embeddable":true,"href":"https:\/\/innvisuals.com\/index.php?rest_route=%2Fwp%2Fv2%2Fcomments&post=8250"}],"version-history":[{"count":39,"href":"https:\/\/innvisuals.com\/index.php?rest_route=\/wp\/v2\/pages\/8250\/revisions"}],"predecessor-version":[{"id":8555,"href":"https:\/\/innvisuals.com\/index.php?rest_route=\/wp\/v2\/pages\/8250\/revisions\/8555"}],"wp:attachment":[{"href":"https:\/\/innvisuals.com\/index.php?rest_route=%2Fwp%2Fv2%2Fmedia&parent=8250"}],"curies":[{"name":"wp","href":"https:\/\/api.w.org\/{rel}","templated":true}]}}